{"id":305,"date":"2024-02-07T14:27:30","date_gmt":"2024-02-07T14:27:30","guid":{"rendered":"https:\/\/spiekermann-immobilien.de\/?page_id=305"},"modified":"2025-08-14T14:56:24","modified_gmt":"2025-08-14T14:56:24","slug":"mietangebote","status":"publish","type":"page","link":"https:\/\/spiekermann-immobilien.de\/?page_id=305","title":{"rendered":"Mietangebote"},"content":{"rendered":"\n<div class=\"wp-block-group alignfull has-white-background-color has-background is-layout-constrained wp-container-core-group-is-layout-c0110750 wp-block-group-is-layout-constrained\" id=\"about\" style=\"padding-top:0px;padding-bottom:0px\"><\/div>\n\n\n\n<h3 class=\"wp-block-heading\"><strong><mark style=\"background-color:rgba(0, 0, 0, 0)\" class=\"has-inline-color has-ast-global-color-7-color\">Orte zum Zuhausef\u00fchlen. <\/mark><\/strong><\/h3>\n\n\n\n<p class=\"has-ast-global-color-6-color has-text-color has-link-color wp-elements-deec696d7abdb0d07137a29e8e9cc4ec\">Bei Spiekermann Immobilien bieten wir Ihnen eine breite Auswahl an Mietwohnungen, die Ihren Anspr\u00fcchen an modernes Wohnen gerecht werden. Unsere Mietobjekte kombinieren stilvolles Design mit praktischem Komfort, damit Sie sich rundum wohlf\u00fchlen k\u00f6nnen. Von gem\u00fctlichen Studios bis hin zu gro\u00dfz\u00fcgigen Familienapartment \u2013 bei uns finden Sie die ideale Wohnung f\u00fcr jeden Lebensstil.<\/p>\n\n\n\n<p class=\"has-ast-global-color-6-color has-text-color has-link-color wp-elements-c6fa932a06899ae0053f3b9b7857d6ae\">Wir legen gro\u00dfen Wert darauf, dass jede Wohnung Ihnen ein Zuhause bietet, in dem Sie sich entfalten und entspannen k\u00f6nnen.<\/p>\n\n\n\n<p><\/p>\n\n\n\n<p><\/p>\n\n\n\n<p><\/p>\n\n\n\n<h3 class=\"wp-block-heading\"><strong><mark style=\"background-color:rgba(0, 0, 0, 0)\" class=\"has-inline-color has-ast-global-color-7-color\">Aktuelle Mietangebote<\/mark><\/strong><\/h3>\n\n\n\n<div class=\"wp-block-media-text alignwide is-stacked-on-mobile is-vertically-aligned-top\" style=\"grid-template-columns:30% auto\"><figure class=\"wp-block-media-text__media\"><img loading=\"lazy\" decoding=\"async\" width=\"1024\" height=\"860\" src=\"https:\/\/spiekermann-immobilien.de\/wp-content\/uploads\/2025\/08\/IMG_6296_-1024x860.jpeg\" alt=\"\" class=\"wp-image-681 size-full\" srcset=\"https:\/\/spiekermann-immobilien.de\/wp-content\/uploads\/2025\/08\/IMG_6296_-1024x860.jpeg 1024w, https:\/\/spiekermann-immobilien.de\/wp-content\/uploads\/2025\/08\/IMG_6296_-300x252.jpeg 300w, https:\/\/spiekermann-immobilien.de\/wp-content\/uploads\/2025\/08\/IMG_6296_-768x645.jpeg 768w, https:\/\/spiekermann-immobilien.de\/wp-content\/uploads\/2025\/08\/IMG_6296_-1536x1290.jpeg 1536w, https:\/\/spiekermann-immobilien.de\/wp-content\/uploads\/2025\/08\/IMG_6296_-2048x1720.jpeg 2048w\" sizes=\"auto, (max-width: 1024px) 100vw, 1024px\" \/><\/figure><div class=\"wp-block-media-text__content\">\n<h3 class=\"wp-block-heading\">L\u00f6hnbachstra\u00dfe 8, 58730 Fr\u00f6ndenberg<\/h3>\n\n\n\n<p>Dieses moderne Mehrfamilienhaus vereint f\u00fcnf individuell gestaltete Wohneinheiten auf drei Etagen und bietet Wohnfl\u00e4chen zwischen ca. 65 m\u00b2 und 120 m\u00b2. Ob f\u00fcr Singles, Paare oder Familien \u2013 hier finden Sie die perfekte Kombination aus modernem Komfort, durchdachten Grundrissen und einer ruhigen, begehrten Wohnlage.<\/p>\n\n\n\n<p>Jede Einheit \u00fcberzeugt mit hellen, lichtdurchfluteten R\u00e4umen und einer hochwertigen Ausstattung. Die Grundrisse variieren zwischen offenen Wohn- und Essbereichen mit integrierter K\u00fcche, gem\u00fctlichen Schlafzimmern, praktischen Hauswirtschafts- und Abstellr\u00e4umen sowie modernen B\u00e4dern. Einige Wohnungen verf\u00fcgen \u00fcber eine Terrasse oder einen Balkon, die sich ideal f\u00fcr entspannte Abende oder gesellige Stunden im Freien eignen.<\/p>\n\n\n\n<p>Die ruhige Lage in Fr\u00f6ndenberg bietet Ihnen nicht nur Erholung, sondern auch eine hervorragende Anbindung an Einkaufsm\u00f6glichkeiten, Schulen, Kinderg\u00e4rten und den \u00f6ffentlichen Nahverkehr. Genie\u00dfen Sie das Leben in einer der besten Lagen der Stadt \u2013 modern, komfortabel und ganz nach Ihren Bed\u00fcrfnissen.<\/p>\n\n\n\n<p><\/p>\n<\/div><\/div>\n\n\n","protected":false},"excerpt":{"rendered":"<p>Orte zum Zuhausef\u00fchlen. Bei Spiekermann Immobilien bieten wir Ihnen eine breite Auswahl an Mietwohnungen, die Ihren Anspr\u00fcchen an modernes Wohnen [&hellip;]<\/p>\n","protected":false},"author":2,"featured_media":0,"parent":0,"menu_order":0,"comment_status":"closed","ping_status":"closed","template":"","meta":{"site-sidebar-layout":"default","site-content-layout":"","ast-site-content-layout":"default","site-content-style":"default","site-sidebar-style":"default","ast-global-header-display":"","ast-banner-title-visibility":"","ast-main-header-display":"","ast-hfb-above-header-display":"","ast-hfb-below-header-display":"","ast-hfb-mobile-header-display":"","site-post-title":"","ast-breadcrumbs-content":"","ast-featured-img":"","footer-sml-layout":"","ast-disable-related-posts":"","theme-transparent-header-meta":"","adv-header-id-meta":"","stick-header-meta":"","header-above-stick-meta":"","header-main-stick-meta":"","header-below-stick-meta":"","astra-migrate-meta-layouts":"default","ast-page-background-enabled":"default","ast-page-background-meta":{"desktop":{"background-color":"var(--ast-global-color-4)","background-image":"","background-repeat":"repeat","background-position":"center center","background-size":"auto","background-attachment":"scroll","background-type":"","background-media":"","overlay-type":"","overlay-color":"","overlay-opacity":"","overlay-gradient":""},"tablet":{"background-color":"","background-image":"","background-repeat":"repeat","background-position":"center center","background-size":"auto","background-attachment":"scroll","background-type":"","background-media":"","overlay-type":"","overlay-color":"","overlay-opacity":"","overlay-gradient":""},"mobile":{"background-color":"","background-image":"","background-repeat":"repeat","background-position":"center center","background-size":"auto","background-attachment":"scroll","background-type":"","background-media":"","overlay-type":"","overlay-color":"","overlay-opacity":"","overlay-gradient":""}},"ast-content-background-meta":{"desktop":{"background-color":"var(--ast-global-color-5)","background-image":"","background-repeat":"repeat","background-position":"center center","background-size":"auto","background-attachment":"scroll","background-type":"","background-media":"","overlay-type":"","overlay-color":"","overlay-opacity":"","overlay-gradient":""},"tablet":{"background-color":"var(--ast-global-color-5)","background-image":"","background-repeat":"repeat","background-position":"center center","background-size":"auto","background-attachment":"scroll","background-type":"","background-media":"","overlay-type":"","overlay-color":"","overlay-opacity":"","overlay-gradient":""},"mobile":{"background-color":"var(--ast-global-color-5)","background-image":"","background-repeat":"repeat","background-position":"center center","background-size":"auto","background-attachment":"scroll","background-type":"","background-media":"","overlay-type":"","overlay-color":"","overlay-opacity":"","overlay-gradient":""}},"footnotes":""},"class_list":["post-305","page","type-page","status-publish","hentry"],"_links":{"self":[{"href":"https:\/\/spiekermann-immobilien.de\/index.php?rest_route=\/wp\/v2\/pages\/305","targetHints":{"allow":["GET"]}}],"collection":[{"href":"https:\/\/spiekermann-immobilien.de\/index.php?rest_route=\/wp\/v2\/pages"}],"about":[{"href":"https:\/\/spiekermann-immobilien.de\/index.php?rest_route=\/wp\/v2\/types\/page"}],"author":[{"embeddable":true,"href":"https:\/\/spiekermann-immobilien.de\/index.php?rest_route=\/wp\/v2\/users\/2"}],"replies":[{"embeddable":true,"href":"https:\/\/spiekermann-immobilien.de\/index.php?rest_route=%2Fwp%2Fv2%2Fcomments&post=305"}],"version-history":[{"count":14,"href":"https:\/\/spiekermann-immobilien.de\/index.php?rest_route=\/wp\/v2\/pages\/305\/revisions"}],"predecessor-version":[{"id":684,"href":"https:\/\/spiekermann-immobilien.de\/index.php?rest_route=\/wp\/v2\/pages\/305\/revisions\/684"}],"wp:attachment":[{"href":"https:\/\/spiekermann-immobilien.de\/index.php?rest_route=%2Fwp%2Fv2%2Fmedia&parent=305"}],"curies":[{"name":"wp","href":"https:\/\/api.w.org\/{rel}","templated":true}]}}