{"id":309,"date":"2024-02-07T14:29:43","date_gmt":"2024-02-07T14:29:43","guid":{"rendered":"https:\/\/spiekermann-immobilien.de\/?page_id=309"},"modified":"2025-06-18T10:36:18","modified_gmt":"2025-06-18T10:36:18","slug":"neubauprojekt-unna-massen","status":"publish","type":"page","link":"https:\/\/spiekermann-immobilien.de\/?page_id=309","title":{"rendered":"Fr\u00f6ndenberg"},"content":{"rendered":"\n<div class=\"wp-block-media-text is-stacked-on-mobile\"><figure class=\"wp-block-media-text__media\"><img loading=\"lazy\" decoding=\"async\" width=\"1024\" height=\"1009\" src=\"https:\/\/spiekermann-immobilien.de\/wp-content\/uploads\/2025\/06\/IMG_6296_2-1024x1009.jpeg\" alt=\"\" class=\"wp-image-642 size-full\" srcset=\"https:\/\/spiekermann-immobilien.de\/wp-content\/uploads\/2025\/06\/IMG_6296_2-1024x1009.jpeg 1024w, https:\/\/spiekermann-immobilien.de\/wp-content\/uploads\/2025\/06\/IMG_6296_2-300x296.jpeg 300w, https:\/\/spiekermann-immobilien.de\/wp-content\/uploads\/2025\/06\/IMG_6296_2-768x757.jpeg 768w, https:\/\/spiekermann-immobilien.de\/wp-content\/uploads\/2025\/06\/IMG_6296_2-1536x1514.jpeg 1536w, https:\/\/spiekermann-immobilien.de\/wp-content\/uploads\/2025\/06\/IMG_6296_2-2048x2019.jpeg 2048w\" sizes=\"auto, (max-width: 1024px) 100vw, 1024px\" \/><\/figure><div class=\"wp-block-media-text__content\">\n<h2 class=\"wp-block-heading has-ast-global-color-6-color has-text-color has-link-color wp-elements-616111eb530bbe71312b01408f279f61\">Fr\u00f6ndenberg<\/h2>\n\n\n\n<h2 class=\"wp-block-heading has-ast-global-color-6-color has-text-color has-link-color wp-elements-86bbe1f7ed6305e6f5ea57661ef63868\">L\u00f6hnbachstra\u00dfe 8 &#8211;<\/h2>\n\n\n\n<h2 class=\"wp-block-heading has-ast-global-color-6-color has-text-color has-link-color wp-elements-08761d12bfbd735844a6aed8b254907d\">Familen-Haus<\/h2>\n\n\n\n<p class=\"has-ast-global-color-6-color has-text-color has-link-color wp-elements-e8ba548e08b27e7085011de41137129e\">Unser aktuellstes Neubauprojekt verwirklichen wir zentral in Fr\u00f6ndenberg.<\/p>\n<\/div><\/div>\n\n\n\n<div class=\"wp-block-group alignfull is-layout-constrained wp-container-core-group-is-layout-45b0ac4f wp-block-group-is-layout-constrained\" id=\"services\" style=\"padding-top:144px;padding-bottom:0px\">\n<h2 class=\"wp-block-heading\">Verf\u00fcgbare<br><br>Mietwohnungen:<\/h2>\n\n\n\n<p><\/p>\n\n\n\n<div class=\"wp-block-columns alignwide is-layout-flex wp-container-core-columns-is-layout-12a0b04b wp-block-columns-is-layout-flex\" style=\"padding-top:var(--wp--preset--spacing--40)\">\n<div class=\"wp-block-column is-layout-flow wp-block-column-is-layout-flow\">\n<div class=\"wp-block-media-text is-stacked-on-mobile\" style=\"grid-template-columns:41% auto\"><figure class=\"wp-block-media-text__media\"><img loading=\"lazy\" decoding=\"async\" width=\"1024\" height=\"768\" src=\"https:\/\/spiekermann-immobilien.de\/wp-content\/uploads\/2025\/06\/Grundriss_EG-LI-1024x768.jpg\" alt=\"\" class=\"wp-image-647 size-full\" srcset=\"https:\/\/spiekermann-immobilien.de\/wp-content\/uploads\/2025\/06\/Grundriss_EG-LI-1024x768.jpg 1024w, https:\/\/spiekermann-immobilien.de\/wp-content\/uploads\/2025\/06\/Grundriss_EG-LI-300x225.jpg 300w, https:\/\/spiekermann-immobilien.de\/wp-content\/uploads\/2025\/06\/Grundriss_EG-LI-768x576.jpg 768w, https:\/\/spiekermann-immobilien.de\/wp-content\/uploads\/2025\/06\/Grundriss_EG-LI-1536x1152.jpg 1536w, https:\/\/spiekermann-immobilien.de\/wp-content\/uploads\/2025\/06\/Grundriss_EG-LI.jpg 1883w\" sizes=\"auto, (max-width: 1024px) 100vw, 1024px\" \/><\/figure><div class=\"wp-block-media-text__content\">\n<p>Wohnfl\u00e4che ca.&nbsp;<strong>60 m\u00b2&nbsp;<\/strong><br>Etage<strong>&nbsp;EG<\/strong><br>Kaltmiete ca.&nbsp;<strong><strong>auf Anfrage<\/strong><\/strong><br>Nebenkosten ca.&nbsp;<strong><strong>auf Anfrage<\/strong><\/strong><br>Kaution&nbsp;<strong><strong>auf Anfrage<\/strong><\/strong><br>Stellplatz&nbsp;<strong><strong>auf Anfrage<\/strong><\/strong><br>Sonstiges&nbsp;<strong>Barrierefrei<\/strong><\/p>\n<\/div><\/div>\n\n\n\n<div class=\"wp-block-media-text is-stacked-on-mobile\" style=\"grid-template-columns:41% auto\"><figure class=\"wp-block-media-text__media\"><img loading=\"lazy\" decoding=\"async\" width=\"1024\" height=\"768\" src=\"https:\/\/spiekermann-immobilien.de\/wp-content\/uploads\/2025\/06\/Grundriss_EG-RE-1024x768.jpg\" alt=\"\" class=\"wp-image-648 size-full\" srcset=\"https:\/\/spiekermann-immobilien.de\/wp-content\/uploads\/2025\/06\/Grundriss_EG-RE-1024x768.jpg 1024w, https:\/\/spiekermann-immobilien.de\/wp-content\/uploads\/2025\/06\/Grundriss_EG-RE-300x225.jpg 300w, https:\/\/spiekermann-immobilien.de\/wp-content\/uploads\/2025\/06\/Grundriss_EG-RE-768x576.jpg 768w, https:\/\/spiekermann-immobilien.de\/wp-content\/uploads\/2025\/06\/Grundriss_EG-RE-1536x1151.jpg 1536w, https:\/\/spiekermann-immobilien.de\/wp-content\/uploads\/2025\/06\/Grundriss_EG-RE.jpg 1773w\" sizes=\"auto, (max-width: 1024px) 100vw, 1024px\" \/><\/figure><div class=\"wp-block-media-text__content\">\n<p>Wohnfl\u00e4che ca.&nbsp;<strong>60 m\u00b2&nbsp;<\/strong><br>Etage<strong>&nbsp;EG<\/strong><br>Kaltmiete ca.&nbsp;<strong><strong>auf Anfrage<\/strong><\/strong><br>Nebenkosten ca.&nbsp;<strong><strong>auf Anfrage<\/strong><\/strong><br>Kaution&nbsp;<strong><strong>auf Anfrage<\/strong><\/strong><br>Stellplatz&nbsp;<strong><strong>auf Anfrage<\/strong><\/strong><br>Sonstiges&nbsp;<strong>Barrierefrei<\/strong><\/p>\n<\/div><\/div>\n\n\n\n<div class=\"wp-block-media-text is-stacked-on-mobile\" style=\"grid-template-columns:41% auto\"><figure class=\"wp-block-media-text__media\"><img loading=\"lazy\" decoding=\"async\" width=\"1024\" height=\"767\" src=\"https:\/\/spiekermann-immobilien.de\/wp-content\/uploads\/2025\/06\/Grundriss_OG-LI-1-1024x767.jpg\" alt=\"\" class=\"wp-image-651 size-full\" srcset=\"https:\/\/spiekermann-immobilien.de\/wp-content\/uploads\/2025\/06\/Grundriss_OG-LI-1-1024x767.jpg 1024w, https:\/\/spiekermann-immobilien.de\/wp-content\/uploads\/2025\/06\/Grundriss_OG-LI-1-300x225.jpg 300w, https:\/\/spiekermann-immobilien.de\/wp-content\/uploads\/2025\/06\/Grundriss_OG-LI-1-768x576.jpg 768w, https:\/\/spiekermann-immobilien.de\/wp-content\/uploads\/2025\/06\/Grundriss_OG-LI-1-1536x1151.jpg 1536w, https:\/\/spiekermann-immobilien.de\/wp-content\/uploads\/2025\/06\/Grundriss_OG-LI-1.jpg 1844w\" sizes=\"auto, (max-width: 1024px) 100vw, 1024px\" \/><\/figure><div class=\"wp-block-media-text__content\">\n<p>Wohnfl\u00e4che ca.\u00a0<strong>62 m\u00b2\u00a0<\/strong><br>Etage<strong>\u00a0OG<\/strong><br>Kaltmiete ca.\u00a0<strong><strong>auf Anfrage<\/strong><\/strong><br>Nebenkosten ca.\u00a0<strong><strong>auf Anfrage<\/strong><\/strong><br>Kaution\u00a0<strong><strong>auf Anfrage<\/strong><\/strong><br>Stellplatz\u00a0<strong><strong>auf Anfrage<\/strong><\/strong><\/p>\n<\/div><\/div>\n<\/div>\n\n\n\n<div class=\"wp-block-column is-layout-flow wp-block-column-is-layout-flow\">\n<div class=\"wp-block-media-text is-stacked-on-mobile\" style=\"grid-template-columns:41% auto\"><figure class=\"wp-block-media-text__media\"><img loading=\"lazy\" decoding=\"async\" width=\"1024\" height=\"767\" src=\"https:\/\/spiekermann-immobilien.de\/wp-content\/uploads\/2025\/06\/Grundriss_OG-RE-2-1024x767.jpg\" alt=\"\" class=\"wp-image-653 size-full\" srcset=\"https:\/\/spiekermann-immobilien.de\/wp-content\/uploads\/2025\/06\/Grundriss_OG-RE-2-1024x767.jpg 1024w, https:\/\/spiekermann-immobilien.de\/wp-content\/uploads\/2025\/06\/Grundriss_OG-RE-2-300x225.jpg 300w, https:\/\/spiekermann-immobilien.de\/wp-content\/uploads\/2025\/06\/Grundriss_OG-RE-2-768x576.jpg 768w, https:\/\/spiekermann-immobilien.de\/wp-content\/uploads\/2025\/06\/Grundriss_OG-RE-2-1536x1151.jpg 1536w, https:\/\/spiekermann-immobilien.de\/wp-content\/uploads\/2025\/06\/Grundriss_OG-RE-2.jpg 1840w\" sizes=\"auto, (max-width: 1024px) 100vw, 1024px\" \/><\/figure><div class=\"wp-block-media-text__content\">\n<p>Wohnfl\u00e4che ca.\u00a0<strong>62 m\u00b2\u00a0<\/strong><br>Etage<strong>\u00a0OG<\/strong><br>Kaltmiete ca.\u00a0<strong><strong>auf Anfrage<\/strong><\/strong><br>Nebenkosten ca.\u00a0<strong><strong>auf Anfrage<\/strong><\/strong><br>Kaution\u00a0<strong><strong>auf Anfrage<\/strong><\/strong><br>Stellplatz\u00a0<strong><strong>auf Anfrage<\/strong><\/strong><\/p>\n<\/div><\/div>\n\n\n\n<div class=\"wp-block-media-text is-stacked-on-mobile\" style=\"grid-template-columns:41% auto\"><figure class=\"wp-block-media-text__media\"><img loading=\"lazy\" decoding=\"async\" width=\"1024\" height=\"890\" src=\"https:\/\/spiekermann-immobilien.de\/wp-content\/uploads\/2025\/06\/Grundriss_DG-1024x890.jpg\" alt=\"\" class=\"wp-image-654 size-full\" srcset=\"https:\/\/spiekermann-immobilien.de\/wp-content\/uploads\/2025\/06\/Grundriss_DG-1024x890.jpg 1024w, https:\/\/spiekermann-immobilien.de\/wp-content\/uploads\/2025\/06\/Grundriss_DG-300x261.jpg 300w, https:\/\/spiekermann-immobilien.de\/wp-content\/uploads\/2025\/06\/Grundriss_DG-768x668.jpg 768w, https:\/\/spiekermann-immobilien.de\/wp-content\/uploads\/2025\/06\/Grundriss_DG-1536x1336.jpg 1536w, https:\/\/spiekermann-immobilien.de\/wp-content\/uploads\/2025\/06\/Grundriss_DG.jpg 1724w\" sizes=\"auto, (max-width: 1024px) 100vw, 1024px\" \/><\/figure><div class=\"wp-block-media-text__content\">\n<p>Wohnfl\u00e4che ca.\u00a0<strong>116 m\u00b2\u00a0<\/strong><br>Etage<strong>\u00a0DG<\/strong><br>Kaltmiete ca.\u00a0<strong>auf Anfrage<\/strong><br>Nebenkosten ca.\u00a0<strong><strong>auf Anfrage<\/strong><\/strong><br>Kaution\u00a0<strong><strong>auf Anfrage<\/strong><\/strong><br>Stellplatz\u00a0<strong><strong>auf Anfrage<\/strong><\/strong><br><\/p>\n<\/div><\/div>\n<\/div>\n<\/div>\n<\/div>\n\n\n\n<div class=\"wp-block-columns alignwide is-layout-flex wp-container-core-columns-is-layout-28f84493 wp-block-columns-is-layout-flex\">\n<div class=\"wp-block-column is-layout-flow wp-block-column-is-layout-flow\">\n<p><strong><strong><strong>Sonstiges<\/strong><\/strong><\/strong><\/p>\n\n\n\n<p>Balkon\/ Terrasse<br>Ausgestatteter Abstellraum\/ HWR<br>Stellpl\u00e4tze<br>Einbauk\u00fcche<br>Offene Wohnk\u00fcche<br>Einbauschr\u00e4nke<br>Bodentiefe Fenster<br>Offenes Duschsystem<br>Echtholz Boden<br>Fu\u00dfbodenheizung<\/p>\n<\/div>\n\n\n\n<div class=\"wp-block-column is-layout-flow wp-block-column-is-layout-flow\">\n<h3 class=\"wp-block-heading has-ast-global-color-6-color has-text-color has-link-color wp-elements-57b1a707e4b30f6005a71cad7e883db9\"><strong>Objektdaten<\/strong><\/h3>\n\n\n\n<p>Das Objekt befindet sich in einer ruhigen Anliegerstra\u00dfe in angenehmer Wohnlage.<\/p>\n\n\n\n<p>Die Umgebung \u00fcberzeugt durch eine gelungene Kombination aus zentraler Erreichbarkeit und naturnaher Atmosph\u00e4re. <\/p>\n\n\n\n<p>Einrichtungen des t\u00e4glichen Bedarfs wie Superm\u00e4rkte, B\u00e4ckereien, Apotheken und \u00c4rzte sind fu\u00dfl\u00e4ufig erreichbar. Schulen und Kinderg\u00e4rten befinden sich ebenfalls in unmittelbarer N\u00e4he. Die Anbindung an den \u00f6ffentlichen Nahverkehr ist durch eine nahegelegene Bushaltestelle sowie den Bahnhof Fr\u00f6ndenberg sehr gut gew\u00e4hrleistet. <\/p>\n\n\n\n<p>Zudem bietet die Umgebung vielf\u00e4ltige Freizeit- und Erholungsm\u00f6glichkeiten \u2013 darunter das L\u00f6hnbad, das Kettenschmiedemuseum und sch\u00f6ne Spazierwege entlang der Ruhr. <\/p>\n\n\n\n<p>Insgesamt eignet sich die Lage ideal f\u00fcr Menschen, die Wert auf eine ruhige, aber dennoch gut angebundene Wohnlage legen.<\/p>\n<\/div>\n<\/div>\n\n\n\n<div class=\"wp-block-columns is-layout-flex wp-container-core-columns-is-layout-28f84493 wp-block-columns-is-layout-flex\">\n<div class=\"wp-block-column is-layout-flow wp-block-column-is-layout-flow\">\n<div class=\"wp-block-group is-vertical is-layout-flex wp-container-core-group-is-layout-fe9cc265 wp-block-group-is-layout-flex\">\n<h3 class=\"wp-block-heading has-ast-global-color-6-color has-text-color has-link-color wp-elements-8fc8022b536ad6d84f7d3755d8a95213\"><strong><strong><strong><strong><strong>EG<\/strong><\/strong><\/strong><\/strong><\/strong><\/h3>\n\n\n\n<div class=\"wp-block-group is-vertical is-layout-flex wp-container-core-group-is-layout-fe9cc265 wp-block-group-is-layout-flex\">\n<p>Diese attraktive Erdgeschosswohnung bietet Ihnen auf einer komfortablen Fl\u00e4che ein modernes und praktisches Wohnerlebnis. Der offene Wohn- und K\u00fcchenbereich vereint Komfort und Funktionalit\u00e4t und schafft eine einladende Atmosph\u00e4re zum Entspannen und Kochen.<br><br>Das Schlafzimmer ist ruhig gelegen und l\u00e4dt zum Erholen ein. Das Badezimmer ist modern gestaltet und bietet alle Annehmlichkeiten f\u00fcr Ihren Alltag. Ein praktischer Hauswirtschaftsraum sorgt f\u00fcr zus\u00e4tzlichen Stauraum und erleichtert die Organisation.<br><br>Das Highlight der Wohnung ist die gro\u00dfz\u00fcgige Terrasse, die zum Verweilen im Freien einl\u00e4dt \u2013 perfekt f\u00fcr gem\u00fctliche Stunden im Garten oder f\u00fcr gesellige Zusammenk\u00fcnfte. Insgesamt \u00fcberzeugt diese Wohnung durch eine durchdachte Raumaufteilung, eine angenehme Atmosph\u00e4re und eine sch\u00f6ne Terrasse \u2013 ideal f\u00fcr alle, die komfortabel im Erdgeschoss wohnen m\u00f6chten.<\/p>\n<\/div>\n<\/div>\n<\/div>\n\n\n\n<div class=\"wp-block-column is-layout-flow wp-block-column-is-layout-flow\">\n<h3 class=\"wp-block-heading has-ast-global-color-6-color has-text-color has-link-color wp-elements-2df6d17d0273e6d345f0be6c84baac5f\"><strong>OG<\/strong><\/h3>\n\n\n\n<p>Diese sch\u00f6ne Wohnung im 1. Obergeschoss bietet Ihnen ein komfortables und durchdachtes Zuhause. Der offene Wohn- und K\u00fcchenbereich l\u00e4dt zum gem\u00fctlichen Beisammensein ein und ist perfekt f\u00fcr gemeinsame Stunden. Der Balkon ist vom Wohnzimmer aus zug\u00e4nglich und bietet eine angenehme M\u00f6glichkeit, die Sonne zu genie\u00dfen oder drau\u00dfen zu entspannen.<\/p>\n\n\n\n<p>Das Schlafzimmer ist ruhig gelegen und bietet einen angenehmen R\u00fcckzugsort. Das moderne Badezimmer ist funktional gestaltet und verf\u00fcgt \u00fcber alle Annehmlichkeiten f\u00fcr Ihren Alltag. Ein praktischer Hauswirtschaftsraum sorgt f\u00fcr zus\u00e4tzlichen Stauraum und erleichtert die Organisation im Haushalt.<\/p>\n\n\n\n<p>Insgesamt \u00fcberzeugt diese Wohnung durch eine gelungene Raumaufteilung, eine freundliche Atmosph\u00e4re und einen sch\u00f6nen Balkon \u2013 ideal f\u00fcr alle, die komfortabel im 1. Obergeschoss wohnen m\u00f6chten.<\/p>\n<\/div>\n\n\n\n<div class=\"wp-block-column is-layout-flow wp-block-column-is-layout-flow\">\n<h3 class=\"wp-block-heading has-ast-global-color-6-color has-text-color has-link-color wp-elements-9048ff6887218320954b47b7d473d224\"><strong>DG<\/strong><\/h3>\n\n\n\n<p>Diese attraktive Wohnung bietet Ihnen ein komfortables und durchdachtes Raumkonzept, das keine W\u00fcnsche offenl\u00e4sst. Der offene Wohn- und K\u00fcchenbereich l\u00e4dt zum gem\u00fctlichen Beisammensein ein und ist perfekt f\u00fcr gemeinsame Stunden. Ein praktischer Hauswirtschaftsraum sorgt f\u00fcr ausreichend Stauraum und erleichtert die Organisation im Alltag.<\/p>\n\n\n\n<p>F\u00fcr die kleinen Familienmitglieder gibt es ein helles Kinderzimmer, das individuell genutzt werden kann wie zum Beispiel als B\u00fcro. Das Badezimmer ist modern gestaltet und verf\u00fcgt \u00fcber alle Annehmlichkeiten, w\u00e4hrend ein separates G\u00e4ste-WC zus\u00e4tzlichen Komfort bietet. Das Schlafzimmer ist ruhig gelegen und bietet eine angenehme R\u00fcckzugsm\u00f6glichkeit zum Entspannen.<\/p>\n\n\n\n<p>Insgesamt \u00fcberzeugt die Wohnung durch eine gelungene Raumaufteilung, hochwertige Ausstattung und eine freundliche Atmosph\u00e4re \u2013 ideal f\u00fcr Familien, Paare oder Singles, die viel Platz und Komfort suchen.<\/p>\n<\/div>\n<\/div>\n\n\n\n<p class=\"has-ast-global-color-6-color has-text-color has-link-color wp-elements-2fa21abc5355520d80a7a66067f70df1\"><\/p>\n\n\n\n<p><\/p>\n","protected":false},"excerpt":{"rendered":"<p>Fr\u00f6ndenberg L\u00f6hnbachstra\u00dfe 8 &#8211; Familen-Haus Unser aktuellstes Neubauprojekt verwirklichen wir zentral in Fr\u00f6ndenberg. Verf\u00fcgbare Mietwohnungen: Wohnfl\u00e4che ca.&nbsp;60 m\u00b2&nbsp;Etage&nbsp;EGKaltmiete ca.&nbsp;auf AnfrageNebenkosten [&hellip;]<\/p>\n","protected":false},"author":2,"featured_media":0,"parent":0,"menu_order":0,"comment_status":"closed","ping_status":"closed","template":"","meta":{"site-sidebar-layout":"default","site-content-layout":"","ast-site-content-layout":"default","site-content-style":"default","site-sidebar-style":"default","ast-global-header-display":"","ast-banner-title-visibility":"","ast-main-header-display":"","ast-hfb-above-header-display":"","ast-hfb-below-header-display":"","ast-hfb-mobile-header-display":"","site-post-title":"","ast-breadcrumbs-content":"","ast-featured-img":"","footer-sml-layout":"","ast-disable-related-posts":"","theme-transparent-header-meta":"","adv-header-id-meta":"","stick-header-meta":"","header-above-stick-meta":"","header-main-stick-meta":"","header-below-stick-meta":"","astra-migrate-meta-layouts":"default","ast-page-background-enabled":"default","ast-page-background-meta":{"desktop":{"background-color":"var(--ast-global-color-4)","background-image":"","background-repeat":"repeat","background-position":"center center","background-size":"auto","background-attachment":"scroll","background-type":"","background-media":"","overlay-type":"","overlay-color":"","overlay-opacity":"","overlay-gradient":""},"tablet":{"background-color":"","background-image":"","background-repeat":"repeat","background-position":"center center","background-size":"auto","background-attachment":"scroll","background-type":"","background-media":"","overlay-type":"","overlay-color":"","overlay-opacity":"","overlay-gradient":""},"mobile":{"background-color":"","background-image":"","background-repeat":"repeat","background-position":"center center","background-size":"auto","background-attachment":"scroll","background-type":"","background-media":"","overlay-type":"","overlay-color":"","overlay-opacity":"","overlay-gradient":""}},"ast-content-background-meta":{"desktop":{"background-color":"var(--ast-global-color-5)","background-image":"","background-repeat":"repeat","background-position":"center center","background-size":"auto","background-attachment":"scroll","background-type":"","background-media":"","overlay-type":"","overlay-color":"","overlay-opacity":"","overlay-gradient":""},"tablet":{"background-color":"var(--ast-global-color-5)","background-image":"","background-repeat":"repeat","background-position":"center center","background-size":"auto","background-attachment":"scroll","background-type":"","background-media":"","overlay-type":"","overlay-color":"","overlay-opacity":"","overlay-gradient":""},"mobile":{"background-color":"var(--ast-global-color-5)","background-image":"","background-repeat":"repeat","background-position":"center center","background-size":"auto","background-attachment":"scroll","background-type":"","background-media":"","overlay-type":"","overlay-color":"","overlay-opacity":"","overlay-gradient":""}},"footnotes":""},"class_list":["post-309","page","type-page","status-publish","hentry"],"_links":{"self":[{"href":"https:\/\/spiekermann-immobilien.de\/index.php?rest_route=\/wp\/v2\/pages\/309","targetHints":{"allow":["GET"]}}],"collection":[{"href":"https:\/\/spiekermann-immobilien.de\/index.php?rest_route=\/wp\/v2\/pages"}],"about":[{"href":"https:\/\/spiekermann-immobilien.de\/index.php?rest_route=\/wp\/v2\/types\/page"}],"author":[{"embeddable":true,"href":"https:\/\/spiekermann-immobilien.de\/index.php?rest_route=\/wp\/v2\/users\/2"}],"replies":[{"embeddable":true,"href":"https:\/\/spiekermann-immobilien.de\/index.php?rest_route=%2Fwp%2Fv2%2Fcomments&post=309"}],"version-history":[{"count":46,"href":"https:\/\/spiekermann-immobilien.de\/index.php?rest_route=\/wp\/v2\/pages\/309\/revisions"}],"predecessor-version":[{"id":664,"href":"https:\/\/spiekermann-immobilien.de\/index.php?rest_route=\/wp\/v2\/pages\/309\/revisions\/664"}],"wp:attachment":[{"href":"https:\/\/spiekermann-immobilien.de\/index.php?rest_route=%2Fwp%2Fv2%2Fmedia&parent=309"}],"curies":[{"name":"wp","href":"https:\/\/api.w.org\/{rel}","templated":true}]}}