{"id":318,"date":"2024-02-07T14:33:45","date_gmt":"2024-02-07T14:33:45","guid":{"rendered":"https:\/\/spiekermann-immobilien.de\/?page_id=318"},"modified":"2025-06-18T08:42:39","modified_gmt":"2025-06-18T08:42:39","slug":"neubauprojekte","status":"publish","type":"page","link":"https:\/\/spiekermann-immobilien.de\/?page_id=318","title":{"rendered":"Neubauprojekte"},"content":{"rendered":"\n<div class=\"wp-block-group alignfull is-layout-constrained wp-container-core-group-is-layout-653093ca wp-block-group-is-layout-constrained\" id=\"services\" style=\"padding-top:30px;padding-right:0;padding-bottom:30px;padding-left:0\">\n<div class=\"wp-block-columns is-layout-flex wp-container-core-columns-is-layout-60cbf9bb wp-block-columns-is-layout-flex\" style=\"margin-top:50px\">\n<div class=\"wp-block-column is-layout-flow wp-container-core-column-is-layout-6b73ce23 wp-block-column-is-layout-flow\">\n<figure class=\"wp-block-image size-full\"><img loading=\"lazy\" decoding=\"async\" width=\"2560\" height=\"2524\" src=\"https:\/\/spiekermann-immobilien.de\/wp-content\/uploads\/2025\/06\/IMG_6296_2-scaled.jpeg\" alt=\"\" class=\"wp-image-642\" style=\"aspect-ratio:16\/9;object-fit:cover\" srcset=\"https:\/\/spiekermann-immobilien.de\/wp-content\/uploads\/2025\/06\/IMG_6296_2-scaled.jpeg 2560w, https:\/\/spiekermann-immobilien.de\/wp-content\/uploads\/2025\/06\/IMG_6296_2-300x296.jpeg 300w, https:\/\/spiekermann-immobilien.de\/wp-content\/uploads\/2025\/06\/IMG_6296_2-1024x1009.jpeg 1024w, https:\/\/spiekermann-immobilien.de\/wp-content\/uploads\/2025\/06\/IMG_6296_2-768x757.jpeg 768w, https:\/\/spiekermann-immobilien.de\/wp-content\/uploads\/2025\/06\/IMG_6296_2-1536x1514.jpeg 1536w, https:\/\/spiekermann-immobilien.de\/wp-content\/uploads\/2025\/06\/IMG_6296_2-2048x2019.jpeg 2048w\" sizes=\"auto, (max-width: 2560px) 100vw, 2560px\" \/><\/figure>\n\n\n\n<h3 class=\"wp-block-heading has-ast-global-color-6-color has-text-color has-link-color wp-elements-266e7b1daa34c11234ff9980dbf774bf\" style=\"margin-top:16px\">Mehrfamilienhaus Fr\u00f6ndenberg<\/h3>\n\n\n\n<p class=\"has-ast-global-color-6-color has-text-color has-link-color wp-elements-1b9b9609ed892e979e83bc0d62061ae7\">Entdecken Sie exklusives Wohnen im Herzen von Fr\u00f6ndenberg! Unser neues Mehrfamilienhaus vereint modernes Design mit h\u00f6chstem Wohnkomfort. Die stilvollen Apartments bieten durchdachte Grundrisse, hochwertige Ausstattung und eine optimale Raumnutzung.<\/p>\n<\/div>\n\n\n\n<div class=\"wp-block-column is-layout-flow wp-container-core-column-is-layout-6b73ce23 wp-block-column-is-layout-flow\">\n<figure class=\"wp-block-image size-full\"><a href=\"https:\/\/spiekermann-immobilien.de\/?page_id=474\"><img loading=\"lazy\" decoding=\"async\" width=\"697\" height=\"540\" src=\"https:\/\/spiekermann-immobilien.de\/wp-content\/uploads\/2024\/02\/Aussenansicht-1.jpg\" alt=\"\" class=\"wp-image-145\" style=\"aspect-ratio:16\/9;object-fit:cover\" srcset=\"https:\/\/spiekermann-immobilien.de\/wp-content\/uploads\/2024\/02\/Aussenansicht-1.jpg 697w, https:\/\/spiekermann-immobilien.de\/wp-content\/uploads\/2024\/02\/Aussenansicht-1-300x232.jpg 300w\" sizes=\"auto, (max-width: 697px) 100vw, 697px\" \/><\/a><\/figure>\n\n\n\n<h3 class=\"wp-block-heading has-ast-global-color-6-color has-text-color has-link-color wp-elements-24bc95920063281957f1643f87e08d75\" style=\"margin-top:16px\">4 Mehrfamilienh\u00e4user Kehl-Bodersweier<\/h3>\n\n\n\n<p class=\"has-ast-global-color-6-color has-text-color has-link-color wp-elements-d4fe1fc79880a9e3aa6590b6c0e88183\">In Kehl-Bodersweier entstehen vier moderne Mehrfamilienh\u00e4user, die urbanes Wohnen auf eine neue Ebene heben. Die gro\u00dfz\u00fcgigen Apartments \u00fcberzeugen durch ihre durchdachten Grundrisse, hochwertige Ausstattung und den Fokus auf eine optimale Raumnutzung.<\/p>\n<\/div>\n\n\n\n<div class=\"wp-block-column is-layout-flow wp-container-core-column-is-layout-6b73ce23 wp-block-column-is-layout-flow\">\n<figure class=\"wp-block-image size-full\"><a href=\"https:\/\/spiekermann-immobilien.de\/?page_id=313\"><img loading=\"lazy\" decoding=\"async\" width=\"760\" height=\"399\" src=\"https:\/\/spiekermann-immobilien.de\/wp-content\/uploads\/2024\/02\/Logo_UnnaZentrum-1-1.jpg\" alt=\"\" class=\"wp-image-370\" style=\"aspect-ratio:16\/9;object-fit:cover\" srcset=\"https:\/\/spiekermann-immobilien.de\/wp-content\/uploads\/2024\/02\/Logo_UnnaZentrum-1-1.jpg 760w, https:\/\/spiekermann-immobilien.de\/wp-content\/uploads\/2024\/02\/Logo_UnnaZentrum-1-1-300x158.jpg 300w\" sizes=\"auto, (max-width: 760px) 100vw, 760px\" \/><\/a><\/figure>\n\n\n\n<h3 class=\"wp-block-heading has-ast-global-color-6-color has-text-color has-link-color wp-elements-870bf600a0c0b9984a6799041ab34b3e\" style=\"margin-top:16px\">Mehrfamilienhaus Unna-Zentrum<\/h3>\n\n\n\n<p class=\"has-ast-global-color-6-color has-text-color has-link-color wp-elements-2d2a30eba0f47e78cf532695e3004b99\">In Unna-Zentrum entsteht ein modernes Mehrfamilienhaus, das urbanes Wohnen neu definiert. Entdecken Sie zeitgem\u00e4\u00dfes Wohnen im Herzen von Unna \u2013 sichern Sie sich jetzt Ihren Platz in diesem exklusiven Wohnprojekt<\/p>\n<\/div>\n<\/div>\n<\/div>\n\n\n\n<div class=\"wp-block-group alignfull is-layout-constrained wp-container-core-group-is-layout-974594a7 wp-block-group-is-layout-constrained\" id=\"services\" style=\"padding-top:30px;padding-bottom:0px\">\n<div class=\"wp-block-columns is-layout-flex wp-container-core-columns-is-layout-60cbf9bb wp-block-columns-is-layout-flex\" style=\"margin-top:50px\">\n<div class=\"wp-block-column is-layout-flow wp-container-core-column-is-layout-6b73ce23 wp-block-column-is-layout-flow\">\n<figure class=\"wp-block-image size-full\"><img loading=\"lazy\" decoding=\"async\" width=\"609\" height=\"318\" src=\"https:\/\/spiekermann-immobilien.de\/wp-content\/uploads\/2024\/02\/Logo_Neubauprojekt-e1707298220840.jpg\" alt=\"\" class=\"wp-image-151\" style=\"aspect-ratio:16\/9;object-fit:cover\" srcset=\"https:\/\/spiekermann-immobilien.de\/wp-content\/uploads\/2024\/02\/Logo_Neubauprojekt-e1707298220840.jpg 609w, https:\/\/spiekermann-immobilien.de\/wp-content\/uploads\/2024\/02\/Logo_Neubauprojekt-e1707298220840-300x157.jpg 300w\" sizes=\"auto, (max-width: 609px) 100vw, 609px\" \/><\/figure>\n\n\n\n<h3 class=\"wp-block-heading has-ast-global-color-6-color has-text-color has-link-color wp-elements-923ee511e7ae20abcefe78d27edc9e97\" style=\"margin-top:16px\">Mehrfamilienhaus Unna-Hemmerde<\/h3>\n\n\n\n<p class=\"has-ast-global-color-6-color has-text-color has-link-color wp-elements-fe9fab2cafaa838f08ae786176b2f0ff\">In Unna-Hemmerde erwartet Sie ein modernes Mehrfamilienhaus, das Wohnen auf h\u00f6chstem Niveau bietet. Die architektonisch ansprechende Gestaltung vereint Stil und Funktionalit\u00e4t. Die gro\u00dfz\u00fcgigen Apartments \u00fcberzeugen durch intelligente Grundrisse und hochwertige Ausstattung. Erleben Sie exklusives Wohnen inmitten der charmanten Umgebung von Unna-Hemmerde \u2013 Ihr neues Zuhause wartet bereits auf Sie!<\/p>\n<\/div>\n\n\n\n<div class=\"wp-block-column is-layout-flow wp-container-core-column-is-layout-6b73ce23 wp-block-column-is-layout-flow\">\n<figure class=\"wp-block-image size-full\"><img loading=\"lazy\" decoding=\"async\" width=\"609\" height=\"318\" src=\"https:\/\/spiekermann-immobilien.de\/wp-content\/uploads\/2024\/02\/Logo_Neubauprojekt-e1707298220840.jpg\" alt=\"\" class=\"wp-image-151\" style=\"aspect-ratio:16\/9;object-fit:cover\" srcset=\"https:\/\/spiekermann-immobilien.de\/wp-content\/uploads\/2024\/02\/Logo_Neubauprojekt-e1707298220840.jpg 609w, https:\/\/spiekermann-immobilien.de\/wp-content\/uploads\/2024\/02\/Logo_Neubauprojekt-e1707298220840-300x157.jpg 300w\" sizes=\"auto, (max-width: 609px) 100vw, 609px\" \/><\/figure>\n\n\n\n<h3 class=\"wp-block-heading has-ast-global-color-6-color has-text-color has-link-color wp-elements-2880ad6921ee251d4ff0600f52ea681b\" style=\"margin-top:16px\">Mehrfamilienh\u00e4user Unna-Uelzen<\/h3>\n\n\n\n<p class=\"has-ast-global-color-6-color has-text-color has-link-color wp-elements-067110b8a3ec66bee87d7311af89f159\">In Unna-Uelzen entstehen moderne Mehrfamilienh\u00e4user, die urbanes Wohnen in idyllischer Umgebung erm\u00f6glichen. Die gro\u00dfz\u00fcgigen Apartments \u00fcberzeugen mit durchdachten Grundrissen und hochwertiger Ausstattung. Genie\u00dfen Sie zeitgem\u00e4\u00dfes Wohnen in einem aufstrebenden Viertel von Unna \u2013 Ihr neues Zuhause erwartet Sie schon!<\/p>\n<\/div>\n<\/div>\n<\/div>\n","protected":false},"excerpt":{"rendered":"<p>Mehrfamilienhaus Fr\u00f6ndenberg Entdecken Sie exklusives Wohnen im Herzen von Fr\u00f6ndenberg! Unser neues Mehrfamilienhaus vereint modernes Design mit h\u00f6chstem Wohnkomfort. Die [&hellip;]<\/p>\n","protected":false},"author":2,"featured_media":0,"parent":0,"menu_order":0,"comment_status":"closed","ping_status":"closed","template":"","meta":{"site-sidebar-layout":"default","site-content-layout":"","ast-site-content-layout":"default","site-content-style":"default","site-sidebar-style":"default","ast-global-header-display":"","ast-banner-title-visibility":"","ast-main-header-display":"","ast-hfb-above-header-display":"","ast-hfb-below-header-display":"","ast-hfb-mobile-header-display":"","site-post-title":"","ast-breadcrumbs-content":"","ast-featured-img":"","footer-sml-layout":"","ast-disable-related-posts":"","theme-transparent-header-meta":"","adv-header-id-meta":"","stick-header-meta":"","header-above-stick-meta":"","header-main-stick-meta":"","header-below-stick-meta":"","astra-migrate-meta-layouts":"default","ast-page-background-enabled":"default","ast-page-background-meta":{"desktop":{"background-color":"var(--ast-global-color-4)","background-image":"","background-repeat":"repeat","background-position":"center center","background-size":"auto","background-attachment":"scroll","background-type":"","background-media":"","overlay-type":"","overlay-color":"","overlay-opacity":"","overlay-gradient":""},"tablet":{"background-color":"","background-image":"","background-repeat":"repeat","background-position":"center center","background-size":"auto","background-attachment":"scroll","background-type":"","background-media":"","overlay-type":"","overlay-color":"","overlay-opacity":"","overlay-gradient":""},"mobile":{"background-color":"","background-image":"","background-repeat":"repeat","background-position":"center center","background-size":"auto","background-attachment":"scroll","background-type":"","background-media":"","overlay-type":"","overlay-color":"","overlay-opacity":"","overlay-gradient":""}},"ast-content-background-meta":{"desktop":{"background-color":"var(--ast-global-color-5)","background-image":"","background-repeat":"repeat","background-position":"center center","background-size":"auto","background-attachment":"scroll","background-type":"","background-media":"","overlay-type":"","overlay-color":"","overlay-opacity":"","overlay-gradient":""},"tablet":{"background-color":"var(--ast-global-color-5)","background-image":"","background-repeat":"repeat","background-position":"center center","background-size":"auto","background-attachment":"scroll","background-type":"","background-media":"","overlay-type":"","overlay-color":"","overlay-opacity":"","overlay-gradient":""},"mobile":{"background-color":"var(--ast-global-color-5)","background-image":"","background-repeat":"repeat","background-position":"center center","background-size":"auto","background-attachment":"scroll","background-type":"","background-media":"","overlay-type":"","overlay-color":"","overlay-opacity":"","overlay-gradient":""}},"footnotes":""},"class_list":["post-318","page","type-page","status-publish","hentry"],"_links":{"self":[{"href":"https:\/\/spiekermann-immobilien.de\/index.php?rest_route=\/wp\/v2\/pages\/318","targetHints":{"allow":["GET"]}}],"collection":[{"href":"https:\/\/spiekermann-immobilien.de\/index.php?rest_route=\/wp\/v2\/pages"}],"about":[{"href":"https:\/\/spiekermann-immobilien.de\/index.php?rest_route=\/wp\/v2\/types\/page"}],"author":[{"embeddable":true,"href":"https:\/\/spiekermann-immobilien.de\/index.php?rest_route=\/wp\/v2\/users\/2"}],"replies":[{"embeddable":true,"href":"https:\/\/spiekermann-immobilien.de\/index.php?rest_route=%2Fwp%2Fv2%2Fcomments&post=318"}],"version-history":[{"count":13,"href":"https:\/\/spiekermann-immobilien.de\/index.php?rest_route=\/wp\/v2\/pages\/318\/revisions"}],"predecessor-version":[{"id":666,"href":"https:\/\/spiekermann-immobilien.de\/index.php?rest_route=\/wp\/v2\/pages\/318\/revisions\/666"}],"wp:attachment":[{"href":"https:\/\/spiekermann-immobilien.de\/index.php?rest_route=%2Fwp%2Fv2%2Fmedia&parent=318"}],"curies":[{"name":"wp","href":"https:\/\/api.w.org\/{rel}","templated":true}]}}